{"id":31751,"date":"2020-04-11T08:40:17","date_gmt":"2020-04-11T08:40:17","guid":{"rendered":"http:\/\/www.parabuild.com\/dessiner-des-structures-metalliques-une-licence-de-90-jours\/"},"modified":"2020-05-09T07:01:29","modified_gmt":"2020-05-09T07:01:29","slug":"dessiner-des-structures-metalliques-une-licence-de-90-jours","status":"publish","type":"page","link":"https:\/\/www.parabuild.com\/fr\/dessiner-des-structures-metalliques-une-licence-de-90-jours\/","title":{"rendered":"Demander une licence de 90 jours pour Parabuild et \/ ou BricsCAD"},"content":{"rendered":"<p><span style=\"font-weight: 300;\">Nous faisons \u00e9quipe avec Bricsys pour offrir aux dessinateurs de structures m\u00e9talliques, aux ing\u00e9nieurs et aux fabricants la possibilit\u00e9 d&#8217;apprendre gratuitement Parabuild et BricsCAD. Nous proposons \u00e0 la fois une licence de 90 jours de Parabuild et une licence de 90 jours de BricsCAD.<\/span><\/p>\n<p>Les liens ci-dessous vous aideront \u00e0 vous familiariser avec Parabuild et BricsCAD.<br \/>\nDemandez votre licence de 90 jours au bas de cette page.<\/p>\n<p>&nbsp;<\/p>\n<h3>Apprendre Parabuild<\/h3>\n<p>Le meilleur endroit pour commencer \u00e0 apprendre Parabuild est d&#8217;essayer les exercices inclus dans l&#8217;installation de Parabuild. Si vous voulez avoir une id\u00e9e de ces exercices, vous pouvez trouver quelques vid\u00e9os des exercices ici:<br \/>\n<a href=\"https:\/\/www.parabuild.com\/fr\/videos-dexercices\/\" target=\"_blank\" rel=\"noopener noreferrer\">Cliquez ici pour regarder les exercices pas \u00e0 pas de Parabuild<\/a><br \/>\n<a href=\"http:\/\/www.parabuild.com\/downloads\/Parabuild-v5-Reference-Manual\/\" target=\"_blank\" rel=\"noopener noreferrer\">Cliquez ici pour parcourir le manuel Parabuild<\/a> (Anglais)<\/p>\n<p>Visitez <a href=\"https:\/\/www.parabuild.com\/fr\/free-trial\/\" target=\"_blank\" rel=\"noopener noreferrer\">la page d&#8217;essai de 30 jours<\/a> pour t\u00e9l\u00e9charger et commencer \u00e0 utiliser Parabuild en attendant votre licence de 90 jours.<\/p>\n<p>&nbsp;<\/p>\n<h3>Apprendre BricsCAD<\/h3>\n<p>Si vous voulez apprendre BricsCAD, jetez un \u0153il \u00e0 <a href=\"http:\/\/www.parabuild.com\/fr\/apprendre-bricscad\/\" target=\"_blank\" rel=\"noopener noreferrer\">la page Apprendre BricsCAD<\/a>.<\/p>\n<p>&nbsp;<\/p>\n<h3><span style=\"color: #993300;\">Cette offre temporaire a expir\u00e9<\/span><\/h3>\n","protected":false},"excerpt":{"rendered":"<p>Nous faisons \u00e9quipe avec Bricsys pour offrir aux dessinateurs de structures m\u00e9talliques, aux ing\u00e9nieurs et aux fabricants la possibilit\u00e9 d&#8217;apprendre gratuitement Parabuild et BricsCAD. Nous proposons \u00e0 la fois une licence de 90 jours de Parabuild et une licence de 90 jours de BricsCAD. Les liens ci-dessous vous aideront \u00e0 vous familiariser avec Parabuild et&#8230;<\/p>\n","protected":false},"author":8,"featured_media":0,"parent":0,"menu_order":0,"comment_status":"closed","ping_status":"closed","template":"","meta":[],"yoast_head":"<!-- This site is optimized with the Yoast SEO plugin v16.8 - https:\/\/yoast.com\/wordpress\/plugins\/seo\/ -->\n<title>Demander une licence de 90 jours pour Parabuild et \/ ou BricsCAD - Parabuild<\/title>\n<meta name=\"robots\" content=\"index, follow, max-snippet:-1, max-image-preview:large, max-video-preview:-1\" \/>\n<link rel=\"canonical\" href=\"http:\/\/www.parabuild.com\/fr\/dessiner-des-structures-metalliques-une-licence-de-90-jours\/\" \/>\n<meta property=\"og:locale\" content=\"fr_FR\" \/>\n<meta property=\"og:type\" content=\"article\" \/>\n<meta property=\"og:title\" content=\"Demander une licence de 90 jours pour Parabuild et \/ ou BricsCAD - Parabuild\" \/>\n<meta property=\"og:description\" content=\"Nous faisons \u00e9quipe avec Bricsys pour offrir aux dessinateurs de structures m\u00e9talliques, aux ing\u00e9nieurs et aux fabricants la possibilit\u00e9 d&#8217;apprendre gratuitement Parabuild et BricsCAD. Nous proposons \u00e0 la fois une licence de 90 jours de Parabuild et une licence de 90 jours de BricsCAD. Les liens ci-dessous vous aideront \u00e0 vous familiariser avec Parabuild et...\" \/>\n<meta property=\"og:url\" content=\"http:\/\/www.parabuild.com\/fr\/dessiner-des-structures-metalliques-une-licence-de-90-jours\/\" \/>\n<meta property=\"og:site_name\" content=\"Parabuild\" \/>\n<meta property=\"article:modified_time\" content=\"2020-05-09T07:01:29+00:00\" \/>\n<meta name=\"twitter:card\" content=\"summary\" \/>\n<meta name=\"twitter:label1\" content=\"Dur\u00e9e de lecture est.\" \/>\n\t<meta name=\"twitter:data1\" content=\"1 minute\" \/>\n<script type=\"application\/ld+json\" class=\"yoast-schema-graph\">{\"@context\":\"https:\/\/schema.org\",\"@graph\":[{\"@type\":\"WebSite\",\"@id\":\"http:\/\/www.parabuild.com\/#website\",\"url\":\"http:\/\/www.parabuild.com\/\",\"name\":\"Parabuild\",\"description\":\"Software for structural steel detailing\",\"potentialAction\":[{\"@type\":\"SearchAction\",\"target\":{\"@type\":\"EntryPoint\",\"urlTemplate\":\"http:\/\/www.parabuild.com\/?s={search_term_string}\"},\"query-input\":\"required name=search_term_string\"}],\"inLanguage\":\"fr-FR\"},{\"@type\":\"WebPage\",\"@id\":\"http:\/\/www.parabuild.com\/fr\/dessiner-des-structures-metalliques-une-licence-de-90-jours\/#webpage\",\"url\":\"http:\/\/www.parabuild.com\/fr\/dessiner-des-structures-metalliques-une-licence-de-90-jours\/\",\"name\":\"Demander une licence de 90 jours pour Parabuild et \/ ou BricsCAD - Parabuild\",\"isPartOf\":{\"@id\":\"http:\/\/www.parabuild.com\/#website\"},\"datePublished\":\"2020-04-11T08:40:17+00:00\",\"dateModified\":\"2020-05-09T07:01:29+00:00\",\"breadcrumb\":{\"@id\":\"http:\/\/www.parabuild.com\/fr\/dessiner-des-structures-metalliques-une-licence-de-90-jours\/#breadcrumb\"},\"inLanguage\":\"fr-FR\",\"potentialAction\":[{\"@type\":\"ReadAction\",\"target\":[\"http:\/\/www.parabuild.com\/fr\/dessiner-des-structures-metalliques-une-licence-de-90-jours\/\"]}]},{\"@type\":\"BreadcrumbList\",\"@id\":\"http:\/\/www.parabuild.com\/fr\/dessiner-des-structures-metalliques-une-licence-de-90-jours\/#breadcrumb\",\"itemListElement\":[{\"@type\":\"ListItem\",\"position\":1,\"name\":\"Home\",\"item\":\"http:\/\/www.parabuild.com\/fr\/\"},{\"@type\":\"ListItem\",\"position\":2,\"name\":\"Demander une licence de 90 jours pour Parabuild et \/ ou BricsCAD\"}]}]}<\/script>\n<!-- \/ Yoast SEO plugin. -->","yoast_head_json":{"title":"Demander une licence de 90 jours pour Parabuild et \/ ou BricsCAD - Parabuild","robots":{"index":"index","follow":"follow","max-snippet":"max-snippet:-1","max-image-preview":"max-image-preview:large","max-video-preview":"max-video-preview:-1"},"canonical":"http:\/\/www.parabuild.com\/fr\/dessiner-des-structures-metalliques-une-licence-de-90-jours\/","og_locale":"fr_FR","og_type":"article","og_title":"Demander une licence de 90 jours pour Parabuild et \/ ou BricsCAD - Parabuild","og_description":"Nous faisons \u00e9quipe avec Bricsys pour offrir aux dessinateurs de structures m\u00e9talliques, aux ing\u00e9nieurs et aux fabricants la possibilit\u00e9 d&#8217;apprendre gratuitement Parabuild et BricsCAD. Nous proposons \u00e0 la fois une licence de 90 jours de Parabuild et une licence de 90 jours de BricsCAD. Les liens ci-dessous vous aideront \u00e0 vous familiariser avec Parabuild et...","og_url":"http:\/\/www.parabuild.com\/fr\/dessiner-des-structures-metalliques-une-licence-de-90-jours\/","og_site_name":"Parabuild","article_modified_time":"2020-05-09T07:01:29+00:00","twitter_card":"summary","twitter_misc":{"Dur\u00e9e de lecture est.":"1 minute"},"schema":{"@context":"https:\/\/schema.org","@graph":[{"@type":"WebSite","@id":"http:\/\/www.parabuild.com\/#website","url":"http:\/\/www.parabuild.com\/","name":"Parabuild","description":"Software for structural steel detailing","potentialAction":[{"@type":"SearchAction","target":{"@type":"EntryPoint","urlTemplate":"http:\/\/www.parabuild.com\/?s={search_term_string}"},"query-input":"required name=search_term_string"}],"inLanguage":"fr-FR"},{"@type":"WebPage","@id":"http:\/\/www.parabuild.com\/fr\/dessiner-des-structures-metalliques-une-licence-de-90-jours\/#webpage","url":"http:\/\/www.parabuild.com\/fr\/dessiner-des-structures-metalliques-une-licence-de-90-jours\/","name":"Demander une licence de 90 jours pour Parabuild et \/ ou BricsCAD - Parabuild","isPartOf":{"@id":"http:\/\/www.parabuild.com\/#website"},"datePublished":"2020-04-11T08:40:17+00:00","dateModified":"2020-05-09T07:01:29+00:00","breadcrumb":{"@id":"http:\/\/www.parabuild.com\/fr\/dessiner-des-structures-metalliques-une-licence-de-90-jours\/#breadcrumb"},"inLanguage":"fr-FR","potentialAction":[{"@type":"ReadAction","target":["http:\/\/www.parabuild.com\/fr\/dessiner-des-structures-metalliques-une-licence-de-90-jours\/"]}]},{"@type":"BreadcrumbList","@id":"http:\/\/www.parabuild.com\/fr\/dessiner-des-structures-metalliques-une-licence-de-90-jours\/#breadcrumb","itemListElement":[{"@type":"ListItem","position":1,"name":"Home","item":"http:\/\/www.parabuild.com\/fr\/"},{"@type":"ListItem","position":2,"name":"Demander une licence de 90 jours pour Parabuild et \/ ou BricsCAD"}]}]}},"_links":{"self":[{"href":"https:\/\/www.parabuild.com\/fr\/wp-json\/wp\/v2\/pages\/31751"}],"collection":[{"href":"https:\/\/www.parabuild.com\/fr\/wp-json\/wp\/v2\/pages"}],"about":[{"href":"https:\/\/www.parabuild.com\/fr\/wp-json\/wp\/v2\/types\/page"}],"author":[{"embeddable":true,"href":"https:\/\/www.parabuild.com\/fr\/wp-json\/wp\/v2\/users\/8"}],"replies":[{"embeddable":true,"href":"https:\/\/www.parabuild.com\/fr\/wp-json\/wp\/v2\/comments?post=31751"}],"version-history":[{"count":11,"href":"https:\/\/www.parabuild.com\/fr\/wp-json\/wp\/v2\/pages\/31751\/revisions"}],"predecessor-version":[{"id":35462,"href":"https:\/\/www.parabuild.com\/fr\/wp-json\/wp\/v2\/pages\/31751\/revisions\/35462"}],"wp:attachment":[{"href":"https:\/\/www.parabuild.com\/fr\/wp-json\/wp\/v2\/media?parent=31751"}],"curies":[{"name":"wp","href":"https:\/\/api.w.org\/{rel}","templated":true}]}}