{"id":753,"date":"2016-11-23T12:21:14","date_gmt":"2016-11-23T12:21:14","guid":{"rendered":"http:\/\/ecbiz173.inmotionhosting.com\/~parabu5\/resellers\/"},"modified":"2025-09-10T13:09:16","modified_gmt":"2025-09-10T13:09:16","slug":"resellers","status":"publish","type":"page","link":"https:\/\/www.parabuild.com\/fr\/resellers\/","title":{"rendered":"Revendeurs"},"content":{"rendered":"<h2>Revendeurs<\/h2>\n<p>&nbsp;<\/p>\n<h4>Australie<\/h4>\n<p><strong>Sofoco Pty Ltd<\/strong><br \/>\n<a href=\"http:\/\/www.sofoco.com.au\/\" target=\"_blank\" rel=\"noopener noreferrer\">www.sofoco.com.au<\/a><br \/>\n<a href=\"mailto:james.areson@sofoco.com.au\">James Areson<\/a><br \/>\n<a href=\"mailto:melissa.freemantle@sofoco.com.au\">Melissa Freemantle<\/a><\/p>\n<p>&nbsp;<\/p>\n<h4>Belgique &#8211; Pays-Bas &#8211; Luxembourg<\/h4>\n<p><strong>Parabuild Benelux nv<\/strong><br \/>\nTel <a href=\"tel: +3238080183\">+32 3 808 01 83<\/a><br \/>\n<a href=\"mailto:contact@parabuild.com\">contact@parabuild.com<\/a><\/p>\n<p>&nbsp;<\/p>\n<h4>Bulgarie<\/h4>\n<p><strong>CAD Assist<\/strong><br \/>\n<a href=\"https:\/\/www.cadassist.net\/\" target=\"_blank\" rel=\"noopener noreferrer\">www.cadassist.net<\/a><br \/>\n<a href=\"mailto:info@cadassist.net\">info@cadassist.net<\/a><\/p>\n<p>&nbsp;<\/p>\n<h4>Croatie &#8211; Slov\u00e9nie &#8211; Bosnie-Herz\u00e9govine &#8211; Serbie<\/h4>\n<h4>Mont\u00e9n\u00e9gro &#8211; Mac\u00e9doine du Nord &#8211; Kosovo &#8211; Albanie<\/h4>\n<p><strong>Studio Baldini<\/strong><br \/>\n<a href=\"http:\/\/www.baldinistudio.hr\/\" target=\"_blank\" rel=\"noopener noreferrer\">www.baldinistudio.hr<\/a><br \/>\n<a href=\"mailto:info@baldinistudio.hr\">info@baldinistudio.hr<\/a><\/p>\n<p>&nbsp;<\/p>\n<h4>Pologne<\/h4>\n<p><strong>Datacomp IT<\/strong><br \/>\n<a href=\"https:\/\/stalowekonstrukcje.com.pl\/\" target=\"_blank\" rel=\"noopener noreferrer\">www.stalowekonstrukcje.com.pl<\/a><br \/>\n<a href=\"mailto:biuro@projektowaniecad.com.pl\">biuro@projektowaniecad.com.pl<\/a><\/p>\n<p>&nbsp;<\/p>\n<h4>Roumanie<\/h4>\n<p><strong>Fairsoft Fairsoft<\/strong><br \/>\n<a href=\"http:\/\/www.fairsoft.ro\/\" target=\"_blank\" rel=\"noopener noreferrer\">www.fairsoft.ro<\/a><br \/>\n<a href=\"mailto:office@fairsoft.ro\">office@fairsoft.ro<\/a><\/p>\n<p>&nbsp;<\/p>\n<h4>Singapour<\/h4>\n<p><strong>TDS Engr Solutions<\/strong><br \/>\n<a href=\"http:\/\/www.teamdesignsolutions.com\/\" target=\"_blank\" rel=\"noopener noreferrer\">www.teamdesignsolutions.com<\/a><br \/>\n<a href=\"mailto:gts@teamdesignsolutions.com\">gts@teamdesignsolutions.com<\/a><\/p>\n<p>&nbsp;<\/p>\n<h4>Espagne<\/h4>\n<p><strong>CAESOFT CAESOFT<\/strong><br \/>\n<a href=\"http:\/\/www.caesoft.es\/\" target=\"_blank\" rel=\"noopener noreferrer\">www.caesoft.es<\/a><br \/>\n<a href=\"mailto:pvl@caesoft.es\">pvl@caesoft.es<\/a><\/p>\n<p>&nbsp;<\/p>\n<h4>Taiwan<\/h4>\n<p><strong>Technologie Autosoftware<\/strong><br \/>\n<a href=\"https:\/\/www.autosoft.com.tw\/\" target=\"_blank\" rel=\"noopener noreferrer\">www.autosoft.com.tw<\/a><br \/>\n<a href=\"mailto:assales@autosoft.com.tw\">assales@autosoft.com.tw<\/a><\/p>\n<p>&nbsp;<\/p>\n<h4>Inde<\/h4>\n<p><strong>Ing\u00e9nieurs imp\u00e9riaux m\u00e9triques<\/strong><br \/>\nVipul S. Borawake<br \/>\nT\u00e9l. <a href=\"tel:%20+91-%20988%201244%20622%20\">: 91- 988 1244 622<\/a><br \/>\n<a href=\"mailto:vipul@metricimperial.in\">vipul@metricimperial.in<\/a><br \/>\n<a href=\"http:\/\/www.metricimperial.in\/\" target=\"_blank\" rel=\"noopener noreferrer\">www.metricimperial.in<\/a><\/p>\n<p>&nbsp;<\/p>\n<h4>D\u2019autres pays<\/h4>\n<p><strong>Parabuild International bv<\/strong><br \/>\nTel <a href=\"tel: +3238080183\">+32 3 808 01 83<\/a><br \/>\n<a href=\"mailto:contact@parabuild.com\">contact@parabuild.com<\/a><\/p>\n<p>&nbsp;<\/p>\n<h2>Contactez-nous si vous voulez devenir revendeur<\/h2>\n<div role=\"form\" class=\"wpcf7\" id=\"wpcf7-f169-o1\" lang=\"en-US\" dir=\"ltr\">\n<div class=\"screen-reader-response\"><p role=\"status\" aria-live=\"polite\" aria-atomic=\"true\"><\/p> <ul><\/ul><\/div>\n<form action=\"\/fr\/wp-json\/wp\/v2\/pages\/753#wpcf7-f169-o1\" method=\"post\" class=\"wpcf7-form init\" novalidate=\"novalidate\" data-status=\"init\">\n<div style=\"display: none;\">\n<input type=\"hidden\" name=\"_wpcf7\" value=\"169\" \/>\n<input type=\"hidden\" name=\"_wpcf7_version\" value=\"5.3.2\" \/>\n<input type=\"hidden\" name=\"_wpcf7_locale\" value=\"en_US\" \/>\n<input type=\"hidden\" name=\"_wpcf7_unit_tag\" value=\"wpcf7-f169-o1\" \/>\n<input type=\"hidden\" name=\"_wpcf7_container_post\" value=\"0\" \/>\n<input type=\"hidden\" name=\"_wpcf7_posted_data_hash\" value=\"\" \/>\n<input type=\"hidden\" name=\"_wpcf7_recaptcha_response\" value=\"\" \/>\n<\/div>\n<p><input type=\"hidden\" name=\"mc4wp-subscribe\" value=\"1\" \/><input type=\"hidden\" name=\"mc4wp-INTERESTS[b945e4e8af]\" value=\"Special offers\" \/><br \/>\n<label>Your Name (required) <\/label><br \/>\n    <span class=\"wpcf7-form-control-wrap mc4wp-FULLNAME\"><input type=\"text\" name=\"mc4wp-FULLNAME\" value=\"\" size=\"40\" class=\"wpcf7-form-control wpcf7-text wpcf7-validates-as-required\" aria-required=\"true\" aria-invalid=\"false\" placeholder=\"Full name\" \/><\/span><\/p>\n<p><label>Your Email (required) <\/label><br \/>\n    <span class=\"wpcf7-form-control-wrap your-email\"><input type=\"email\" name=\"your-email\" value=\"\" size=\"40\" class=\"wpcf7-form-control wpcf7-text wpcf7-email wpcf7-validates-as-required wpcf7-validates-as-email\" aria-required=\"true\" aria-invalid=\"false\" placeholder=\"Email\" \/><\/span><\/p>\n<p><label>Your phone number <\/label><br \/>\n    <span class=\"wpcf7-form-control-wrap mc4wp-PHONE\"><input type=\"text\" name=\"mc4wp-PHONE\" value=\"\" size=\"40\" class=\"wpcf7-form-control wpcf7-text\" aria-invalid=\"false\" \/><\/span><\/p>\n<p><label>Your comments <\/label><br \/>\n    <span class=\"wpcf7-form-control-wrap mc4wp-COMMENTS\"><textarea name=\"mc4wp-COMMENTS\" cols=\"40\" rows=\"10\" class=\"wpcf7-form-control wpcf7-textarea\" aria-invalid=\"false\"><\/textarea><\/span><\/p>\n<p><label><a href=\"http:\/\/www.parabuild.com\/privacy-policy\/\">Privacy policy<\/a><\/label><br \/>\n<span class=\"wpcf7-form-control-wrap checkbox-consent\"><span class=\"wpcf7-form-control wpcf7-checkbox wpcf7-validates-as-required\"><span class=\"wpcf7-list-item first last\"><input type=\"checkbox\" name=\"checkbox-consent[]\" value=\"Click here if you agree that your personal data will be used in accordance with our Privacy policy\" \/><span class=\"wpcf7-list-item-label\">Click here if you agree that your personal data will be used in accordance with our Privacy policy<\/span><\/span><\/span><\/span><br \/>\n<input type=\"hidden\" name=\"mc4wp-MAILCONSEN\" value=\"Click here if you agree that your personal data will be used in accordance with our privacy policy\"><\/p>\n<p><label> <\/label><\/p>\n<div class=\"wpcf7-form-control-wrap\"><div data-sitekey=\"6LcwVb4ZAAAAAH5c48hWfsEDng-uSwxrQgxCrRnF\" class=\"wpcf7-form-control g-recaptcha wpcf7-recaptcha\"><\/div>\r\n<noscript>\r\n\t<div class=\"grecaptcha-noscript\">\r\n\t\t<iframe src=\"https:\/\/www.google.com\/recaptcha\/api\/fallback?k=6LcwVb4ZAAAAAH5c48hWfsEDng-uSwxrQgxCrRnF\" frameborder=\"0\" scrolling=\"no\" width=\"310\" height=\"430\">\r\n\t\t<\/iframe>\r\n\t\t<textarea name=\"g-recaptcha-response\" rows=\"3\" cols=\"40\" placeholder=\"reCaptcha Response Here\">\r\n\t\t<\/textarea>\r\n\t<\/div>\r\n<\/noscript>\r\n<\/div>\n<p><label> <\/label><\/p>\n<p><input type=\"submit\" value=\"Send\" class=\"wpcf7-form-control wpcf7-submit\" \/><\/p>\n<div class=\"wpcf7-response-output\" aria-hidden=\"true\"><\/div><\/form><\/div>\n","protected":false},"excerpt":{"rendered":"<p>Revendeurs &nbsp; Australie Sofoco Pty Ltd www.sofoco.com.au James Areson Melissa Freemantle &nbsp; Belgique &#8211; Pays-Bas &#8211; Luxembourg Parabuild Benelux nv Tel +32 3 808 01 83 contact@parabuild.com &nbsp; Bulgarie CAD Assist www.cadassist.net info@cadassist.net &nbsp; Croatie &#8211; Slov\u00e9nie &#8211; Bosnie-Herz\u00e9govine &#8211; Serbie Mont\u00e9n\u00e9gro &#8211; Mac\u00e9doine du Nord &#8211; Kosovo &#8211; Albanie Studio Baldini www.baldinistudio.hr info@baldinistudio.hr &nbsp;&#8230;<\/p>\n","protected":false},"author":3,"featured_media":0,"parent":0,"menu_order":0,"comment_status":"closed","ping_status":"closed","template":"","meta":[],"yoast_head":"<!-- This site is optimized with the Yoast SEO plugin v16.8 - https:\/\/yoast.com\/wordpress\/plugins\/seo\/ -->\n<title>Revendeurs parabuild<\/title>\n<meta name=\"description\" content=\"Appliquez pour devenir revendeur Parabuild - offrez \u00e0 vos clients la meilleure solution de d\u00e9tail en acier sur AutoCAD et BricsCAD.\" \/>\n<meta name=\"robots\" content=\"index, follow, max-snippet:-1, max-image-preview:large, max-video-preview:-1\" \/>\n<link rel=\"canonical\" href=\"https:\/\/www.parabuild.com\/fr\/resellers\/\" \/>\n<meta property=\"og:locale\" content=\"fr_FR\" \/>\n<meta property=\"og:type\" content=\"article\" \/>\n<meta property=\"og:title\" content=\"Revendeurs parabuild\" \/>\n<meta property=\"og:description\" content=\"Appliquez pour devenir revendeur Parabuild - offrez \u00e0 vos clients la meilleure solution de d\u00e9tail en acier sur AutoCAD et BricsCAD.\" \/>\n<meta property=\"og:url\" content=\"https:\/\/www.parabuild.com\/fr\/resellers\/\" \/>\n<meta property=\"og:site_name\" content=\"Parabuild\" \/>\n<meta property=\"article:modified_time\" content=\"2025-09-10T13:09:16+00:00\" \/>\n<meta name=\"twitter:card\" content=\"summary\" \/>\n<meta name=\"twitter:label1\" content=\"Dur\u00e9e de lecture est.\" \/>\n\t<meta name=\"twitter:data1\" content=\"1 minute\" \/>\n<script type=\"application\/ld+json\" class=\"yoast-schema-graph\">{\"@context\":\"https:\/\/schema.org\",\"@graph\":[{\"@type\":\"WebSite\",\"@id\":\"http:\/\/www.parabuild.com\/#website\",\"url\":\"http:\/\/www.parabuild.com\/\",\"name\":\"Parabuild\",\"description\":\"Software for structural steel detailing\",\"potentialAction\":[{\"@type\":\"SearchAction\",\"target\":{\"@type\":\"EntryPoint\",\"urlTemplate\":\"http:\/\/www.parabuild.com\/?s={search_term_string}\"},\"query-input\":\"required name=search_term_string\"}],\"inLanguage\":\"fr-FR\"},{\"@type\":\"WebPage\",\"@id\":\"https:\/\/www.parabuild.com\/fr\/resellers\/#webpage\",\"url\":\"https:\/\/www.parabuild.com\/fr\/resellers\/\",\"name\":\"Revendeurs parabuild\",\"isPartOf\":{\"@id\":\"http:\/\/www.parabuild.com\/#website\"},\"datePublished\":\"2016-11-23T12:21:14+00:00\",\"dateModified\":\"2025-09-10T13:09:16+00:00\",\"description\":\"Appliquez pour devenir revendeur Parabuild - offrez \\u00e0 vos clients la meilleure solution de d\\u00e9tail en acier sur AutoCAD et BricsCAD.\",\"breadcrumb\":{\"@id\":\"https:\/\/www.parabuild.com\/fr\/resellers\/#breadcrumb\"},\"inLanguage\":\"fr-FR\",\"potentialAction\":[{\"@type\":\"ReadAction\",\"target\":[\"https:\/\/www.parabuild.com\/fr\/resellers\/\"]}]},{\"@type\":\"BreadcrumbList\",\"@id\":\"https:\/\/www.parabuild.com\/fr\/resellers\/#breadcrumb\",\"itemListElement\":[{\"@type\":\"ListItem\",\"position\":1,\"name\":\"Home\",\"item\":\"http:\/\/www.parabuild.com\/fr\/\"},{\"@type\":\"ListItem\",\"position\":2,\"name\":\"Revendeurs\"}]}]}<\/script>\n<!-- \/ Yoast SEO plugin. -->","yoast_head_json":{"title":"Revendeurs parabuild","description":"Appliquez pour devenir revendeur Parabuild - offrez \u00e0 vos clients la meilleure solution de d\u00e9tail en acier sur AutoCAD et BricsCAD.","robots":{"index":"index","follow":"follow","max-snippet":"max-snippet:-1","max-image-preview":"max-image-preview:large","max-video-preview":"max-video-preview:-1"},"canonical":"https:\/\/www.parabuild.com\/fr\/resellers\/","og_locale":"fr_FR","og_type":"article","og_title":"Revendeurs parabuild","og_description":"Appliquez pour devenir revendeur Parabuild - offrez \u00e0 vos clients la meilleure solution de d\u00e9tail en acier sur AutoCAD et BricsCAD.","og_url":"https:\/\/www.parabuild.com\/fr\/resellers\/","og_site_name":"Parabuild","article_modified_time":"2025-09-10T13:09:16+00:00","twitter_card":"summary","twitter_misc":{"Dur\u00e9e de lecture est.":"1 minute"},"schema":{"@context":"https:\/\/schema.org","@graph":[{"@type":"WebSite","@id":"http:\/\/www.parabuild.com\/#website","url":"http:\/\/www.parabuild.com\/","name":"Parabuild","description":"Software for structural steel detailing","potentialAction":[{"@type":"SearchAction","target":{"@type":"EntryPoint","urlTemplate":"http:\/\/www.parabuild.com\/?s={search_term_string}"},"query-input":"required name=search_term_string"}],"inLanguage":"fr-FR"},{"@type":"WebPage","@id":"https:\/\/www.parabuild.com\/fr\/resellers\/#webpage","url":"https:\/\/www.parabuild.com\/fr\/resellers\/","name":"Revendeurs parabuild","isPartOf":{"@id":"http:\/\/www.parabuild.com\/#website"},"datePublished":"2016-11-23T12:21:14+00:00","dateModified":"2025-09-10T13:09:16+00:00","description":"Appliquez pour devenir revendeur Parabuild - offrez \u00e0 vos clients la meilleure solution de d\u00e9tail en acier sur AutoCAD et BricsCAD.","breadcrumb":{"@id":"https:\/\/www.parabuild.com\/fr\/resellers\/#breadcrumb"},"inLanguage":"fr-FR","potentialAction":[{"@type":"ReadAction","target":["https:\/\/www.parabuild.com\/fr\/resellers\/"]}]},{"@type":"BreadcrumbList","@id":"https:\/\/www.parabuild.com\/fr\/resellers\/#breadcrumb","itemListElement":[{"@type":"ListItem","position":1,"name":"Home","item":"http:\/\/www.parabuild.com\/fr\/"},{"@type":"ListItem","position":2,"name":"Revendeurs"}]}]}},"_links":{"self":[{"href":"https:\/\/www.parabuild.com\/fr\/wp-json\/wp\/v2\/pages\/753"}],"collection":[{"href":"https:\/\/www.parabuild.com\/fr\/wp-json\/wp\/v2\/pages"}],"about":[{"href":"https:\/\/www.parabuild.com\/fr\/wp-json\/wp\/v2\/types\/page"}],"author":[{"embeddable":true,"href":"https:\/\/www.parabuild.com\/fr\/wp-json\/wp\/v2\/users\/3"}],"replies":[{"embeddable":true,"href":"https:\/\/www.parabuild.com\/fr\/wp-json\/wp\/v2\/comments?post=753"}],"version-history":[{"count":32,"href":"https:\/\/www.parabuild.com\/fr\/wp-json\/wp\/v2\/pages\/753\/revisions"}],"predecessor-version":[{"id":59349,"href":"https:\/\/www.parabuild.com\/fr\/wp-json\/wp\/v2\/pages\/753\/revisions\/59349"}],"wp:attachment":[{"href":"https:\/\/www.parabuild.com\/fr\/wp-json\/wp\/v2\/media?parent=753"}],"curies":[{"name":"wp","href":"https:\/\/api.w.org\/{rel}","templated":true}]}}