{"id":760,"date":"2016-11-23T11:45:05","date_gmt":"2016-11-23T11:45:05","guid":{"rendered":"http:\/\/ecbiz173.inmotionhosting.com\/~parabu5\/my-account\/"},"modified":"2026-05-01T14:19:20","modified_gmt":"2026-05-01T14:19:20","slug":"my-account","status":"publish","type":"page","link":"https:\/\/www.parabuild.com\/fr\/my-account\/","title":{"rendered":"Clients"},"content":{"rendered":"<h2 style=\"text-align: center;\">La derni\u00e8re version<\/h2>\n<p>&nbsp;<\/p>\n<table>\n<tbody>\n<tr>\n<th style=\"text-align: center;\">\n<h4>Date publi\u00e9<\/h4>\n<\/th>\n<th style=\"text-align: center;\">\n<h4>T\u00e9l\u00e9chargez l&#8217;installation<\/h4>\n<\/th>\n<th>\n<h4 style=\"text-align: center;\">T\u00e9l\u00e9chargez la mise \u00e0 jour<\/h4>\n<\/th>\n<th>\n<h4 style=\"text-align: center;\">Manuel et notes de version<\/h4>\n<\/th>\n<\/tr>\n<tr>\n<td style=\"text-align: center;\">Mars 2026<\/td>\n<td style=\"text-align: center;\"><a href=\"https:\/\/www.parabuild.com\/downloads\/Parabuildv9.0.6-Installation.exe\">Installation 9.0.6<\/a><\/td>\n<td style=\"text-align: center;\"><a href=\"https:\/\/www.parabuild.com\/downloads\/Parabuildv9.0.6-Update.exe\">Mise \u00e0 jour de 7.x, 8.x, ou 9.x \u00e0 9.0.6<\/a><\/td>\n<td style=\"text-align: center;\"><a href=\"https:\/\/www.parabuild.com\/downloads\/Parabuild-v9-Reference-Manual\/Version90-Guidedemigrationpourut.html\" target=\"_blank\" rel=\"noopener\">Version 9 Guide de migration<\/a><\/td>\n<\/tr>\n<\/tbody>\n<\/table>\n<p>&nbsp;<\/p>\n<h2 style=\"text-align: center;\">Anciennes versions<\/h2>\n<p>&nbsp;<\/p>\n<table>\n<tbody>\n<tr>\n<th style=\"text-align: center;\">\n<h4>Date publi\u00e9<\/h4>\n<\/th>\n<th style=\"text-align: center;\">\n<h4>T\u00e9l\u00e9chargez l&#8217;installation<\/h4>\n<\/th>\n<th>\n<h4 style=\"text-align: center;\">T\u00e9l\u00e9chargez la mise \u00e0 jour<\/h4>\n<\/th>\n<\/tr>\n<tr>\n<td style=\"text-align: center;\">D\u00e9cembre 2024<\/td>\n<td style=\"text-align: center;\"><a href=\"https:\/\/www.parabuild.com\/downloads\/Parabuildv8.1.4-Installation.exe\">Installation 8.1.4<\/a><\/td>\n<td style=\"text-align: center;\"><a href=\"https:\/\/www.parabuild.com\/downloads\/Parabuildv8.1.4-Update.exe\">Mise \u00e0 jour de 7.x ou 8.x \u00e0 8.1.4<\/a><\/td>\n<td style=\"text-align: center;\"><a href=\"https:\/\/www.parabuild.com\/downloads\/Parabuild-v8.1-Reference-Manual\/Version81-Guidedemigrationpourut.html\" target=\"_blank\" rel=\"noopener\">Version 8.1 Guide de migration<\/a><\/td>\n<\/tr>\n<tr>\n<td style=\"text-align: center;\">Janvier 2024<\/td>\n<td style=\"text-align: center;\"><a href=\"https:\/\/www.parabuild.com\/downloads\/Parabuildv8.0.3-Installation.exe\">Nouvelle installation 8.0.3<\/a><\/td>\n<td style=\"text-align: center;\"><a href=\"https:\/\/www.parabuild.com\/downloads\/Parabuildv8.0.3-Update.exe\">Mise \u00e0 jour de 7.x ou 8.x \u00e0 8.0.3<\/a><\/td>\n<td style=\"text-align: center;\"><a href=\"https:\/\/www.parabuild.com\/downloads\/Parabuild-v8-Reference-Manual\/Version80-Migrationguideforusers.html\" target=\"_blank\" rel=\"noopener\">Version 8 Guide de migration<\/a><\/td>\n<\/tr>\n<tr>\n<td style=\"text-align: center;\">Juin 2023<\/td>\n<td style=\"text-align: center;\"><a href=\"https:\/\/www.parabuild.com\/downloads\/Parabuildv7.0.9-Bis2-Installation.exe\">Nouvelle installation 7.0.9<\/a><\/td>\n<td style=\"text-align: center;\"><a href=\"https:\/\/www.parabuild.com\/downloads\/Parabuildv7.0.9-Bis2-Update.exe\">Mise \u00e0 jour de 6.x \u00e0 7.0.9<\/a><\/td>\n<td style=\"text-align: center;\"><a href=\"https:\/\/www.parabuild.com\/downloads\/Parabuild-v7-Reference-Manual\/Version70-Guidedemigrationpourle.html\" target=\"_blank\" rel=\"noopener\">Version 7 Guide de migration<\/a><\/td>\n<\/tr>\n<tr>\n<td style=\"text-align: center;\">Avril 2021<\/td>\n<td style=\"text-align: center;\"><a href=\"https:\/\/www.parabuild.com\/downloads\/Parabuildv6.0.7-Bis-Installation.exe\">Nouvelle installation 6.0.7 Bis<\/a><\/td>\n<td style=\"text-align: center;\"><a href=\"https:\/\/www.parabuild.com\/downloads\/Parabuildv6.0.7-Bis-Update.exe\">Mise \u00e0 jour de 3.x, 4.x, 5.x \u00e0 6.0.7 Bis<\/a><\/td>\n<td style=\"text-align: center;\"><a href=\"https:\/\/www.parabuild.com\/downloads\/Parabuild-v6-Mode-d-emploi\/\" target=\"_blank\" rel=\"noopener\">Version 6 manuel<\/a><\/td>\n<\/tr>\n<tr>\n<td style=\"text-align: center;\">Novembre 2020<\/td>\n<td style=\"text-align: center;\"><a href=\"https:\/\/www.parabuild.com\/downloads\/Parabuildv5.1.5-Bis-Installation.exe\">Nouvelle installation 5.1.5 Bis<\/a><\/td>\n<td style=\"text-align: center;\"><a href=\"https:\/\/www.parabuild.com\/downloads\/Parabuildv5.1.5-Bis-Update.exe\">Mise \u00e0 jour de 3.x ou 4.x \u00e0 5.1.5 Bis<\/a><\/td>\n<\/tr>\n<tr>\n<td style=\"text-align: center;\">Mars 2018<\/td>\n<td style=\"text-align: center;\"><a href=\"https:\/\/www.parabuild.com\/downloads\/Parabuildv4.0.8-Installation.exe\">Nouvelle installation 4.0.8<\/a><\/td>\n<td style=\"text-align: center;\"><a href=\"https:\/\/www.parabuild.com\/downloads\/Parabuildv4.0.8-Update.exe\">Mise \u00e0 jour de 3.0.x \u00e0 4.0.8<\/a><\/td>\n<\/tr>\n<tr>\n<td style=\"text-align: center;\">Mars 2017<\/td>\n<td style=\"text-align: center;\"><a href=\"https:\/\/www.parabuild.com\/downloads\/Parabuildv3.0.4-Installation.exe\">Installation 3.0.4<\/a><\/td>\n<td style=\"text-align: center;\"><a href=\"https:\/\/www.parabuild.com\/downloads\/Parabuildv3.0.4-Update.exe\">Mise \u00e0 jour de 3.0.x \u00e0 3.0.4<\/a><\/td>\n<\/tr>\n<tr>\n<td style=\"text-align: center;\">Juin 2016<\/td>\n<td style=\"text-align: center;\"><a href=\"https:\/\/www.parabuild.com\/downloads\/Parabuildv2.1-Installation-30-06-2016.exe\">Nouvelle installation 2.1<\/a><\/td>\n<td style=\"text-align: center;\"><a href=\"https:\/\/www.parabuild.com\/downloads\/Parabuildv2.1-Update-02-06-2016.exe\">Mise \u00e0 jour de 2.x \u00e0 2.1<\/a><\/td>\n<\/tr>\n<\/tbody>\n<\/table>\n<p>&nbsp;<\/p>\n<h2>Support \u00e0 distance<\/h2>\n<p><a href=\"https:\/\/www.parabuild.com\/downloads\/TeamViewerQS_en.exe\" target=\"_blank\" rel=\"noopener\">T\u00e9l\u00e9chargez l&#8217;aaplication Parabuild Teamviewer ici<\/a><br \/>\nCet outil permet \u00e0 un technicien support de prendre le contr\u00f4le de votre ordinateur. Il est \u00e9galement inclus dans l&#8217;installation de Parabuild.<br \/>\nEn donnant l&#8217;identifiant et le mot de passe \u00e0 quelqu&#8217;un d&#8217;autre, il peut voir votre \u00e9cran et ex\u00e9cuter des actions sur votre ordinateur.<br \/>\nC&#8217;est un excellent outil pour vous former et vous aider \u00e0 distance, ainsi que pour r\u00e9soudre des probl\u00e8mes techniques.<\/p>\n<p>Cependant, faites attention \u00e0 qui vous donnez acc\u00e8s \u00e0 votre ordinateur!<br \/>\nEn r\u00e8gle g\u00e9n\u00e9rale, si vous avez vous-m\u00eame contact\u00e9 Parabuild ou un revendeur Parabuild pour obtenir de l&#8217;aide, vous savez qui prendra le contr\u00f4le de votre ordinateur.<br \/>\nCependant, si quelqu&#8217;un vous appelle ou vous envoie un e-mail et trouve une excuse pour avoir besoin d&#8217;acc\u00e9der \u00e0 votre ordinateur, vous avez probablement affaire \u00e0 un escroc. Apr\u00e8s avoir acc\u00e9d\u00e9 \u00e0 votre ordinateur, ces personnes peuvent verrouiller votre ordinateur et toutes ses donn\u00e9es et vous demander de payer une ran\u00e7on avant de d\u00e9verrouiller votre ordinateur.<br \/>\nL&#8217;acc\u00e8s \u00e0 votre ordinateur avec cet outil n&#8217;est possible que si vous d\u00e9marrez cet outil et donnez ensuite l&#8217;identifiant et le mot de passe \u00e0 une personne.<\/p>\n<div role=\"form\" class=\"wpcf7\" id=\"wpcf7-f3915-o1\" lang=\"en-US\" dir=\"ltr\">\n<div class=\"screen-reader-response\"><p role=\"status\" aria-live=\"polite\" aria-atomic=\"true\"><\/p> <ul><\/ul><\/div>\n<form action=\"\/fr\/wp-json\/wp\/v2\/pages\/760#wpcf7-f3915-o1\" method=\"post\" class=\"wpcf7-form init\" novalidate=\"novalidate\" data-status=\"init\">\n<div style=\"display: none;\">\n<input type=\"hidden\" name=\"_wpcf7\" value=\"3915\" \/>\n<input type=\"hidden\" name=\"_wpcf7_version\" value=\"5.3.2\" \/>\n<input type=\"hidden\" name=\"_wpcf7_locale\" value=\"en_US\" \/>\n<input type=\"hidden\" name=\"_wpcf7_unit_tag\" value=\"wpcf7-f3915-o1\" \/>\n<input type=\"hidden\" name=\"_wpcf7_container_post\" value=\"0\" \/>\n<input type=\"hidden\" name=\"_wpcf7_posted_data_hash\" value=\"\" \/>\n<input type=\"hidden\" name=\"_wpcf7_recaptcha_response\" value=\"\" \/>\n<\/div>\n<h4>Abonnez-vous \u00e0 la newsletter pour nos clients<\/h4>\n<p>Abonnez-vous \u00e0 cette newsletter pour recevoir un message d\u00e8s qu'une nouvelle mise \u00e0 jour est disponible.<br \/>\n<input type=\"hidden\" name=\"mc4wp-subscribe\" value=\"1\" \/><input type=\"hidden\" name=\"mc4wp-INTERESTS[b945e4e8af]\" value=\"Special offers|Product news|Customer news\" \/><input type=\"hidden\" name=\"mc4wp-CONTACTYPE\" value=\"Customer\" \/><\/p>\n<p><span class=\"wpcf7-form-control-wrap your-email\"><input type=\"email\" name=\"your-email\" value=\"\" size=\"40\" class=\"wpcf7-form-control wpcf7-text wpcf7-email wpcf7-validates-as-required wpcf7-validates-as-email\" aria-required=\"true\" aria-invalid=\"false\" placeholder=\"Votre email\" \/><\/span><br \/>\n<span class=\"wpcf7-form-control-wrap mc4wp-FULLNAME\"><input type=\"text\" name=\"mc4wp-FULLNAME\" value=\"\" size=\"40\" class=\"wpcf7-form-control wpcf7-text wpcf7-validates-as-required\" aria-required=\"true\" aria-invalid=\"false\" placeholder=\"Votre nom\" \/><\/span><br \/>\n<span class=\"wpcf7-form-control-wrap mc4wp-COMPANY\"><input type=\"text\" name=\"mc4wp-COMPANY\" value=\"\" size=\"40\" class=\"wpcf7-form-control wpcf7-text\" aria-invalid=\"false\" placeholder=\"Soci\u00e9t\u00e9\" \/><\/span><\/p>\n<p>Langue: <select name=\"mc4wp-LANGUAGE\" required=\"\"><br \/>\n        <option value=\"English\">English<\/option><br \/>\n        <option value=\"Fran\u00e7ais\" selected=\"true\">Fran\u00e7ais<\/option><br \/>\n        <option value=\"Nederlands\">Nederlands<\/option><br \/>\n<\/select><\/p>\n<p>En appuyant sur le bouton Souscrire, vous acceptez que vos donn\u00e9es personnelles soient utilis\u00e9es conform\u00e9ment \u00e0 notre <a href=\"http:\/\/www.parabuild.com\/fr\/privacy-policy\/\">Politique de confidentialit\u00e9<\/a><br \/>\n<input type=\"hidden\" name=\"mc4wp-MAILCONSEN\" value=\"En appuyant sur le bouton Souscrire, vous acceptez que vos donn\u00e9es personnelles soient utilis\u00e9es conform\u00e9ment \u00e0 notre Politique de confidentialit\u00e9\"><\/p>\n<p><label> <\/label><\/p>\n<div class=\"wpcf7-form-control-wrap\"><div data-sitekey=\"6LcwVb4ZAAAAAH5c48hWfsEDng-uSwxrQgxCrRnF\" class=\"wpcf7-form-control g-recaptcha wpcf7-recaptcha\"><\/div>\r\n<noscript>\r\n\t<div class=\"grecaptcha-noscript\">\r\n\t\t<iframe src=\"https:\/\/www.google.com\/recaptcha\/api\/fallback?k=6LcwVb4ZAAAAAH5c48hWfsEDng-uSwxrQgxCrRnF\" frameborder=\"0\" scrolling=\"no\" width=\"310\" height=\"430\">\r\n\t\t<\/iframe>\r\n\t\t<textarea name=\"g-recaptcha-response\" rows=\"3\" cols=\"40\" placeholder=\"reCaptcha Response Here\">\r\n\t\t<\/textarea>\r\n\t<\/div>\r\n<\/noscript>\r\n<\/div>\n<p><label> <\/label><\/p>\n<p><input type=\"submit\" value=\"Souscrire\" class=\"wpcf7-form-control wpcf7-submit\" \/><\/p>\n<div class=\"wpcf7-response-output\" aria-hidden=\"true\"><\/div><\/form><\/div>\n<h2>Compte<\/h2>\n<div class=\"woocommerce\"><\/div>\n","protected":false},"excerpt":{"rendered":"<p>La derni\u00e8re version &nbsp; Date publi\u00e9 T\u00e9l\u00e9chargez l&#8217;installation T\u00e9l\u00e9chargez la mise \u00e0 jour Manuel et notes de version Mars 2026 Installation 9.0.6 Mise \u00e0 jour de 7.x, 8.x, ou 9.x \u00e0 9.0.6 Version 9 Guide de migration &nbsp; Anciennes versions &nbsp; Date publi\u00e9 T\u00e9l\u00e9chargez l&#8217;installation T\u00e9l\u00e9chargez la mise \u00e0 jour D\u00e9cembre 2024 Installation 8.1.4 Mise&#8230;<\/p>\n","protected":false},"author":3,"featured_media":0,"parent":0,"menu_order":0,"comment_status":"closed","ping_status":"closed","template":"","meta":[],"yoast_head":"<!-- This site is optimized with the Yoast SEO plugin v16.8 - https:\/\/yoast.com\/wordpress\/plugins\/seo\/ -->\n<title>Customer area - Parabuild<\/title>\n<meta name=\"description\" content=\"Parabuild customer private area\" \/>\n<meta name=\"robots\" content=\"index, follow, max-snippet:-1, max-image-preview:large, max-video-preview:-1\" \/>\n<link rel=\"canonical\" href=\"https:\/\/www.parabuild.com\/fr\/my-account\/\" \/>\n<meta property=\"og:locale\" content=\"fr_FR\" \/>\n<meta property=\"og:type\" content=\"article\" \/>\n<meta property=\"og:title\" content=\"Customer area - Parabuild\" \/>\n<meta property=\"og:description\" content=\"Parabuild customer private area\" \/>\n<meta property=\"og:url\" content=\"https:\/\/www.parabuild.com\/fr\/my-account\/\" \/>\n<meta property=\"og:site_name\" content=\"Parabuild\" \/>\n<meta property=\"article:modified_time\" content=\"2026-05-01T14:19:20+00:00\" \/>\n<meta name=\"twitter:card\" content=\"summary\" \/>\n<meta name=\"twitter:label1\" content=\"Dur\u00e9e de lecture est.\" \/>\n\t<meta name=\"twitter:data1\" content=\"2 minutes\" \/>\n<script type=\"application\/ld+json\" class=\"yoast-schema-graph\">{\"@context\":\"https:\/\/schema.org\",\"@graph\":[{\"@type\":\"WebSite\",\"@id\":\"http:\/\/www.parabuild.com\/#website\",\"url\":\"http:\/\/www.parabuild.com\/\",\"name\":\"Parabuild\",\"description\":\"Software for structural steel detailing\",\"potentialAction\":[{\"@type\":\"SearchAction\",\"target\":{\"@type\":\"EntryPoint\",\"urlTemplate\":\"http:\/\/www.parabuild.com\/?s={search_term_string}\"},\"query-input\":\"required name=search_term_string\"}],\"inLanguage\":\"fr-FR\"},{\"@type\":\"WebPage\",\"@id\":\"https:\/\/www.parabuild.com\/fr\/my-account\/#webpage\",\"url\":\"https:\/\/www.parabuild.com\/fr\/my-account\/\",\"name\":\"Customer area - Parabuild\",\"isPartOf\":{\"@id\":\"http:\/\/www.parabuild.com\/#website\"},\"datePublished\":\"2016-11-23T11:45:05+00:00\",\"dateModified\":\"2026-05-01T14:19:20+00:00\",\"description\":\"Parabuild customer private area\",\"breadcrumb\":{\"@id\":\"https:\/\/www.parabuild.com\/fr\/my-account\/#breadcrumb\"},\"inLanguage\":\"fr-FR\",\"potentialAction\":[{\"@type\":\"ReadAction\",\"target\":[\"https:\/\/www.parabuild.com\/fr\/my-account\/\"]}]},{\"@type\":\"BreadcrumbList\",\"@id\":\"https:\/\/www.parabuild.com\/fr\/my-account\/#breadcrumb\",\"itemListElement\":[{\"@type\":\"ListItem\",\"position\":1,\"name\":\"Home\",\"item\":\"http:\/\/www.parabuild.com\/fr\/\"},{\"@type\":\"ListItem\",\"position\":2,\"name\":\"Clients\"}]}]}<\/script>\n<!-- \/ Yoast SEO plugin. -->","yoast_head_json":{"title":"Customer area - Parabuild","description":"Parabuild customer private area","robots":{"index":"index","follow":"follow","max-snippet":"max-snippet:-1","max-image-preview":"max-image-preview:large","max-video-preview":"max-video-preview:-1"},"canonical":"https:\/\/www.parabuild.com\/fr\/my-account\/","og_locale":"fr_FR","og_type":"article","og_title":"Customer area - Parabuild","og_description":"Parabuild customer private area","og_url":"https:\/\/www.parabuild.com\/fr\/my-account\/","og_site_name":"Parabuild","article_modified_time":"2026-05-01T14:19:20+00:00","twitter_card":"summary","twitter_misc":{"Dur\u00e9e de lecture est.":"2 minutes"},"schema":{"@context":"https:\/\/schema.org","@graph":[{"@type":"WebSite","@id":"http:\/\/www.parabuild.com\/#website","url":"http:\/\/www.parabuild.com\/","name":"Parabuild","description":"Software for structural steel detailing","potentialAction":[{"@type":"SearchAction","target":{"@type":"EntryPoint","urlTemplate":"http:\/\/www.parabuild.com\/?s={search_term_string}"},"query-input":"required name=search_term_string"}],"inLanguage":"fr-FR"},{"@type":"WebPage","@id":"https:\/\/www.parabuild.com\/fr\/my-account\/#webpage","url":"https:\/\/www.parabuild.com\/fr\/my-account\/","name":"Customer area - Parabuild","isPartOf":{"@id":"http:\/\/www.parabuild.com\/#website"},"datePublished":"2016-11-23T11:45:05+00:00","dateModified":"2026-05-01T14:19:20+00:00","description":"Parabuild customer private area","breadcrumb":{"@id":"https:\/\/www.parabuild.com\/fr\/my-account\/#breadcrumb"},"inLanguage":"fr-FR","potentialAction":[{"@type":"ReadAction","target":["https:\/\/www.parabuild.com\/fr\/my-account\/"]}]},{"@type":"BreadcrumbList","@id":"https:\/\/www.parabuild.com\/fr\/my-account\/#breadcrumb","itemListElement":[{"@type":"ListItem","position":1,"name":"Home","item":"http:\/\/www.parabuild.com\/fr\/"},{"@type":"ListItem","position":2,"name":"Clients"}]}]}},"_links":{"self":[{"href":"https:\/\/www.parabuild.com\/fr\/wp-json\/wp\/v2\/pages\/760"}],"collection":[{"href":"https:\/\/www.parabuild.com\/fr\/wp-json\/wp\/v2\/pages"}],"about":[{"href":"https:\/\/www.parabuild.com\/fr\/wp-json\/wp\/v2\/types\/page"}],"author":[{"embeddable":true,"href":"https:\/\/www.parabuild.com\/fr\/wp-json\/wp\/v2\/users\/3"}],"replies":[{"embeddable":true,"href":"https:\/\/www.parabuild.com\/fr\/wp-json\/wp\/v2\/comments?post=760"}],"version-history":[{"count":85,"href":"https:\/\/www.parabuild.com\/fr\/wp-json\/wp\/v2\/pages\/760\/revisions"}],"predecessor-version":[{"id":62641,"href":"https:\/\/www.parabuild.com\/fr\/wp-json\/wp\/v2\/pages\/760\/revisions\/62641"}],"wp:attachment":[{"href":"https:\/\/www.parabuild.com\/fr\/wp-json\/wp\/v2\/media?parent=760"}],"curies":[{"name":"wp","href":"https:\/\/api.w.org\/{rel}","templated":true}]}}